{"id":97,"date":"2014-09-02T15:28:30","date_gmt":"2014-09-02T14:28:30","guid":{"rendered":"http:\/\/www.inion-web.fr\/?page_id=97"},"modified":"2026-03-03T09:55:04","modified_gmt":"2026-03-03T08:55:04","slug":"bienvenu","status":"publish","type":"page","link":"https:\/\/www.inion-web.fr\/","title":{"rendered":"Bienvenu"},"content":{"rendered":"<h3 data-start=\"1340\" data-end=\"1427\"><strong data-start=\"1340\" data-end=\"1371\">Bonjour \u00e0 toutes et \u00e0 tous,<\/strong><\/h3>\n<p data-start=\"1434\" data-end=\"1587\">Ce site rassemble les <strong data-start=\"1456\" data-end=\"1528\">supports de cours, ressources compl\u00e9mentaires et informations utiles<\/strong> pour mes \u00e9tudiants en BTS SIO et \u00e0 l\u2019IUT de Carcassonne.<\/p>\n<p data-start=\"1594\" data-end=\"1649\">Pour acc\u00e9der au contenu, vous devez vous inscrire (<a href=\"https:\/\/www.inion-web.fr\/?page_id=10329\" target=\"_blank\" rel=\"noopener\">cliquez ici<\/a>)<\/p>\n<ul data-start=\"1652\" data-end=\"1820\">\n<li data-start=\"1652\" data-end=\"1732\">\n<p data-start=\"1654\" data-end=\"1732\">Si vous \u00eates \u00e9tudiant\u00b7e dans l\u2019une de mes classes, choisissez votre section.<\/p>\n<\/li>\n<li data-start=\"1735\" data-end=\"1816\">\n<p data-start=\"1737\" data-end=\"1816\">Sinon, s\u00e9lectionnez <strong data-start=\"1757\" data-end=\"1766\">AUTRE<\/strong> et pr\u00e9cisez votre situation dans votre demande.<\/p>\n<\/li>\n<\/ul>\n<p data-start=\"1823\" data-end=\"1859\">Merci et \u00e0 tr\u00e8s bient\u00f4t\u00a0 !<\/p>\n<p data-start=\"1823\" data-end=\"1859\"><strong>Site sur l&rsquo;arch\u00e9ologie num\u00e9rique<\/strong> : <a href=\"https:\/\/www.histoireinformatique.info\" target=\"_blank\" rel=\"noopener\">https:\/\/www.histoireinformatique.info<\/a><\/p>\n<p><em>Attention page de PUB ! \ud83d\ude09<\/em><\/p>\n<h3>L&rsquo;histoire de l&rsquo;informatique disponible d\u00e8s maintenant :<\/h3>\n<div style=\"width: 409px\" class=\"wp-caption aligncenter\"><img loading=\"lazy\" decoding=\"async\" class=\"\" src=\"https:\/\/m.media-amazon.com\/images\/I\/61Aj0YpntmL._SL1455_.jpg\" alt=\"Histoire de l'informatique\" width=\"399\" height=\"581\" \/><p class=\"wp-caption-text\">Du calcul m\u00e9canique \u00e0 l&rsquo;intelligence artificielle par S\u00e9bastien Inion<\/p><\/div>\n<h3><strong>Liens :<\/strong><\/h3>\n<p><a href=\"https:\/\/amzn.eu\/d\/aoVM74j\" target=\"_blank\" rel=\"noopener\">Lien de pr\u00e9-commande vers le site Amazon<\/a><\/p>\n<p><a href=\"https:\/\/www.editions-ellipses.fr\/accueil\/16134-histoire-de-l-informatique-du-calcul-mecanique-a-l-intelligence-artificielle-9782340108448.html?srsltid=AfmBOopVyiCrL9NhNsphPCduyLnBco_QVhv0tHWbvLti3NCiEWjIsBYf\">Lien vers la maison d&rsquo;\u00e9dition Ellipses<\/a><\/p>\n<h3>Pour toutes autres demandes m&rsquo;\u00e9crire \u00e0 l&rsquo;adresse suivante : <a href=\"mailto:contact@inion.info\"><strong>contact@inion.info<\/strong><\/a><\/h3>\n<p><!--more--><\/p>\n","protected":false},"excerpt":{"rendered":"<p>Bonjour \u00e0 toutes et \u00e0 tous, Ce site rassemble les supports de cours, ressources compl\u00e9mentaires et informations utiles pour mes \u00e9tudiants en BTS SIO et \u00e0 l\u2019IUT de Carcassonne. Pour acc\u00e9der au contenu, vous devez vous inscrire (cliquez ici) Si vous \u00eates \u00e9tudiant\u00b7e dans l\u2019une de mes classes, choisissez votre&hellip; <\/p>\n","protected":false},"author":1040,"featured_media":0,"parent":0,"menu_order":0,"comment_status":"closed","ping_status":"closed","template":"","meta":{"footnotes":""},"class_list":["post-97","page","type-page","status-publish","hentry"],"_links":{"self":[{"href":"https:\/\/www.inion-web.fr\/index.php?rest_route=\/wp\/v2\/pages\/97","targetHints":{"allow":["GET"]}}],"collection":[{"href":"https:\/\/www.inion-web.fr\/index.php?rest_route=\/wp\/v2\/pages"}],"about":[{"href":"https:\/\/www.inion-web.fr\/index.php?rest_route=\/wp\/v2\/types\/page"}],"author":[{"embeddable":true,"href":"https:\/\/www.inion-web.fr\/index.php?rest_route=\/wp\/v2\/users\/1040"}],"replies":[{"embeddable":true,"href":"https:\/\/www.inion-web.fr\/index.php?rest_route=%2Fwp%2Fv2%2Fcomments&post=97"}],"version-history":[{"count":51,"href":"https:\/\/www.inion-web.fr\/index.php?rest_route=\/wp\/v2\/pages\/97\/revisions"}],"predecessor-version":[{"id":10426,"href":"https:\/\/www.inion-web.fr\/index.php?rest_route=\/wp\/v2\/pages\/97\/revisions\/10426"}],"wp:attachment":[{"href":"https:\/\/www.inion-web.fr\/index.php?rest_route=%2Fwp%2Fv2%2Fmedia&parent=97"}],"curies":[{"name":"wp","href":"https:\/\/api.w.org\/{rel}","templated":true}]}}